{"id":1336,"date":"2015-11-26T10:10:56","date_gmt":"2015-11-26T10:10:56","guid":{"rendered":"http:\/\/www.sesamomoda.com\/?page_id=1336"},"modified":"2023-11-21T08:43:09","modified_gmt":"2023-11-21T08:43:09","slug":"aviso-legal","status":"publish","type":"page","link":"https:\/\/sesamomoda.com\/eus\/aviso-legal\/","title":{"rendered":"Aviso Legal"},"content":{"rendered":"<p><strong><u>Aviso legal y condiciones de uso<\/u><\/strong><\/p>\n<p>&nbsp;<\/p>\n<p>&nbsp;<\/p>\n<p><strong><u>Informaci\u00f3n legal<\/u><\/strong><\/p>\n<p>&nbsp;<\/p>\n<p>En cumplimiento de la Ley 34\/2002, de 11 de julio, de Servicios de la Sociedad de la Informaci\u00f3n y de Comercio Electr\u00f3nico, le informamos que el dominio de internet www.sesamomoda.com es titularidad de Salvatore Bevilacqua, en adelante \u201c<strong>Sesamo Moda<\/strong>\u201d (NIF: X5808138V), con domicilio en C\/ Aita Elorriaga 18, en Mungia (Bizkaia), correo electr\u00f3nico <a href=\"mailto:sesamomoda@gmail.com\">sesamomoda@gmail.com<\/a>.<\/p>\n<p><strong>&nbsp;<\/strong><\/p>\n<p>El sitio web ubicado en www.sesamomoda.com (en adelante \u201c<strong>el sitio web<\/strong>\u201d) es propiedad de Sesamo Moda (en adelante \u201c<strong>el Responsable del Tratamiento<\/strong>\u201d). La persona que visita y utiliza este sitio web es usuario del sitio web (en adelante \u201c<strong>el usuario<\/strong>\u201d).<\/p>\n<p><strong>&nbsp;<\/strong><\/p>\n<p><strong>&nbsp;<\/strong><\/p>\n<ol>\n<li><strong><u>Condiciones Generales<\/u><\/strong><\/li>\n<\/ol>\n<p>&nbsp;<\/p>\n<p>El usuario accede a este sitio web de forma voluntaria. El acceso a este sitio web tiene car\u00e1cter gratuito. La navegaci\u00f3n en este sitio web implica aceptar y conocer las advertencias legales, condiciones y t\u00e9rminos de uso y pol\u00edtica de privacidad y pol\u00edtica de cookies contenidos en \u00e9l. Si el usuario no est\u00e1 de acuerdo con estas condiciones y no presta su consentimiento, no podr\u00e1 hacer uso de este sitio web.<\/p>\n<p>&nbsp;<\/p>\n<p>El acceso a este sitio web, as\u00ed como el uso que pueda hacerse de la informaci\u00f3n que contiene, son de la exclusiva responsabilidad del usuario. El usuario se compromete a hacer uso del mismo de acuerdo a la finalidad del sitio web. El usuario no puede hacer un uso il\u00edcito de la informaci\u00f3n contenida en este sitio web, ni llevar a cabo acciones que puedan da\u00f1ar o alterar los sistemas inform\u00e1ticos de este sitio web.<\/p>\n<p>&nbsp;<\/p>\n<p>Queda prohibida la inclusi\u00f3n y comunicaci\u00f3n de contenidos, por parte de los usuarios, que sean falsos o inexactos y que induzcan o puedan inducir a error a Sesamo Moda o a otros usuarios o terceros. El usuario ser\u00e1 el \u00fanico responsable de los perjuicios que cause mediante la comunicaci\u00f3n de dichos datos. Queda prohibido el uso de datos personales de terceros sin su consentimiento, as\u00ed como el uso de datos identificativos de terceros con el \u00e1nimo de hacerse pasar por o fingir ser cualquier otra persona o entidad.<\/p>\n<p>&nbsp;<\/p>\n<p>Sesamo Moda realiza los m\u00e1ximos esfuerzos para evitar errores en los contenidos que se publican en el sitio web, reserv\u00e1ndose la facultad de poder modificarlos en cualquier momento. Sesamo Moda declina expresamente cualquier responsabilidad por error u omisi\u00f3n en los contenidos de este sitio web y de los da\u00f1os y perjuicios que puedan deberse a la falta de veracidad, exactitud y actualidad de los mismos.<\/p>\n<p>&nbsp;<\/p>\n<p>El sitio web puede ofrecer enlaces a otros sitios web o facilitar su acceso mediante un buscador ubicado en su sitio web. Sesamo Moda no asume ninguna responsabilidad en relaci\u00f3n con estos sitios enlazados, ni los resultados de las b\u00fasquedas, ya que no tiene ning\u00fan tipo de control sobre ellos, su contenido, productos y servicios ofrecidos, etc. La finalidad de estos servicios es informar al usuario de otras fuentes de informaci\u00f3n, por lo que el usuario accede bajo su exclusiva responsabilidad al contenido y en las condiciones de uso que rijan en los mismos.<\/p>\n<p>&nbsp;<\/p>\n<p>En el caso de enlaces a redes sociales, titularidad del Responsable del Tratamiento o de terceros, las mismas se regir\u00e1n por las condiciones generales de dichas redes.<\/p>\n<p>&nbsp;<\/p>\n<p>Sesamo Moda no se responsabilizar\u00e1 de ninguna consecuencia, da\u00f1o o perjuicio que pudieran derivarse del uso de este sitio web o de sus contenidos, incluidos da\u00f1os inform\u00e1ticos y la introducci\u00f3n de virus o cualquier tipo de software malicioso. El Responsable del Tratamiento no garantiza la ausencia de virus ni de otros elementos da\u00f1inos en el sitio web, introducidos por terceros ajenos, que puedan producir alteraciones en los sistemas f\u00edsicos o l\u00f3gicos de los usuarios, pero utiliza los medios a su alcance para que esto no suceda.<\/p>\n<p>&nbsp;<\/p>\n<p>Sesamo Moda se reserva el derecho de modificar o borrar en cualquier momento, sin previo aviso y\/o justificaci\u00f3n, el dise\u00f1o, la configuraci\u00f3n y la informaci\u00f3n contenida en este sitio web, si as\u00ed lo estima oportuno. El Responsable del Tratamiento no se hace responsable de los perjuicios que estas modificaciones puedan causar. No obstante, utilizar\u00e1 los recursos que tenga a su alcance para informar a los usuarios de dichas modificaciones.<\/p>\n<p><strong>&nbsp;<\/strong><\/p>\n<ol start=\"2\">\n<li><strong><u>Registros y suscripciones<\/u><\/strong><\/li>\n<\/ol>\n<p><strong>&nbsp;<\/strong><\/p>\n<p>El acceso a este sitio web no implica la obligaci\u00f3n de facilitar datos personales. No obstante, algunos de los servicios ofrecidos, como por ejemplo la compra online o la suscripci\u00f3n al bolet\u00edn de noticias, requieren que el usuario facilite una serie de datos personales. Para que el registro sea seguro y el servicio ofrecido sea correcto es necesario que el usuario facilite una serie de datos personales.<\/p>\n<p>&nbsp;<\/p>\n<p>El usuario se compromete a aportar datos veraces, exactos y completos, tanto en el momento del registro como en posteriores comunicaciones, y se hace responsable de comunicar cualquier modificaci\u00f3n en los mismos.<\/p>\n<p>&nbsp;<\/p>\n<p>La no cumplimentaci\u00f3n o cumplimentaci\u00f3n err\u00f3nea de campos indicados como obligatorios, que aparecen en los formularios, podr\u00e1 tener como consecuencia que el Responsable del Tratamiento no pueda atender la solicitud del usuario.<\/p>\n<p>&nbsp;<\/p>\n<p>El uso de este sitio web y el registro o suscripci\u00f3n a sus diferentes servicios implica la aceptaci\u00f3n de las condiciones generales, pol\u00edtica de privacidad y pol\u00edtica de cookies de Sesamo Moda<\/p>\n<p>&nbsp;<\/p>\n<p>Los usuarios podr\u00e1n solicitar la suscripci\u00f3n a boletines de noticias (\u201cnewsletter\u201d) de forma voluntaria. Los usuarios podr\u00e1n solicitar la baja de dichos servicios en el momento que lo deseen dirigiendo un escrito a Sesamo Moda o utilizando cualquier otro medio que el Responsable del Tratamiento facilite a tal efecto, como por ejemplo el mecanismo denominado \u201cDarse de baja\u201d, ubicado en la parte final de los propios boletines informativos.<\/p>\n<p>&nbsp;<\/p>\n<ol start=\"3\">\n<li><strong><u>Uso de claves de acceso<\/u><\/strong><\/li>\n<\/ol>\n<p><strong>&nbsp;<\/strong><\/p>\n<p>Las claves para el acceso a la zona privada son personales, confidenciales e intransferibles. El usuario registrado se compromete a utilizarlas de forma responsable y no comunic\u00e1rselas a nadie. El usuario registrado no debe comunicar sus claves a ninguna persona que se las solicite por tel\u00e9fono, por correo electr\u00f3nico, a trav\u00e9s de este sitio web o por cualquier otro medio.<\/p>\n<p>&nbsp;<\/p>\n<p>Sesamo Moda recomienda que el c\u00f3digo de usuario y la contrase\u00f1a sean diferentes y contengan al menos ocho caracteres alfanum\u00e9ricos. El usuario debe memorizar sus claves y no debe guardarlas en ning\u00fan tipo de soporte, f\u00edsico o inform\u00e1tico, al que puedan acceder otras personas. Las claves de acceso deben modificarse peri\u00f3dicamente, al menos una vez al a\u00f1o.<\/p>\n<p>&nbsp;<\/p>\n<p>Es importante que el usuario cierre su cuenta personal al finalizar cada sesi\u00f3n en el \u00e1rea privada de clientes, ya que as\u00ed se asegurar\u00e1 de que nadie pueda obtener acceso a su informaci\u00f3n personal si comparte su equipo con alguien o utiliza un equipo en un lugar p\u00fablico.<\/p>\n<p>&nbsp;<\/p>\n<p>El usuario deber\u00e1 comunicar inmediatamente a Sesamo Moda cualquier inciencia, acceso indebido o no autorizado detectado en relaci\u00f3n con sus claves de acceso.<\/p>\n<p><strong>&nbsp;<\/strong><\/p>\n<ol start=\"4\">\n<li><strong><u>Propiedad intelectual e industrial<\/u><\/strong><\/li>\n<\/ol>\n<p>&nbsp;<\/p>\n<p>Los derechos de propiedad de este sitio web, de sus p\u00e1ginas, secciones, pantallas, la informaci\u00f3n que contienen, su apariencia y dise\u00f1o, textos, fotograf\u00edas, im\u00e1genes, sus productos y servicios, marcas, logos, lemas, etc. son propiedad de Sesamo Moda, salvo que se especifique otra cosa.<\/p>\n<p>&nbsp;<\/p>\n<p>En ning\u00fan caso el acceso o navegaci\u00f3n en el sitio web implica renuncia, transmisi\u00f3n o licencia total o parcial de Sesamo Moda para uso personal al usuario sobre sus derechos de propiedad intelectual e industrial. La reproducci\u00f3n, distribuci\u00f3n, comercializaci\u00f3n o transformaci\u00f3n no autorizadas de estas obras constituye una infracci\u00f3n de los derechos de propiedad intelectual de Sesamo Moda.<\/p>\n<p>&nbsp;<\/p>\n<p>El usuario se compromete a no realizar ninguna acci\u00f3n que perjudique la titularidad de este sitio web. La utilizaci\u00f3n no autorizada de la informaci\u00f3n contenida en este sitio web, as\u00ed como los perjuicios ocasionados en los derechos de propiedad intelectual e industrial de sus titulares, pueden dar lugar al ejercicio de las acciones que legalmente correspondan y, si procede, a las responsabilidades que de dicho ejercicio se deriven.<\/p>\n<p>&nbsp;<\/p>\n<ol start=\"5\">\n<li><strong><u>Modificaciones<\/u><\/strong><\/li>\n<\/ol>\n<p><strong>&nbsp;<\/strong><\/p>\n<p>Estas Condiciones podr\u00e1n sufrir modificaciones cuando Sesamo Moda lo considere oportuno, bien con la finalidad de adecuarse a los cambios legislativos, bien con el fin de llevar a cabo otro tipo de mejoras. Estas modificaciones ser\u00e1n v\u00e1lidas desde su publicaci\u00f3n en este sitio web. El Responsable del Tratamiento utilizar\u00e1 los medios a su alcance para dar a conocer a los usuarios del sitio web los cambios realizados.<\/p>\n<p><strong>&nbsp;<\/strong><\/p>\n<ol start=\"6\">\n<li><strong><u>Jurisdicci\u00f3n<\/u><\/strong><\/li>\n<\/ol>\n<p>&nbsp;<\/p>\n<p>Las relaciones establecidas entre Sesamo Moda y el usuario se regir\u00e1n por lo dispuesto en la normativa vigente acerca de la legislaci\u00f3n aplicable y la jurisdicci\u00f3n competente. No obstante, para los casos en los que la normativa prevea la posibilidad a las partes de someterse a un fuero, el Responsable del Tratamiento y el usuario, con renuncia expresa a cualquier otro fuero que pudiera corresponderles, se someten a los Juzgados y Tribunales de Bizkaia.<\/p>\n<p>&nbsp;<\/p>\n<p>Sesamo Moda perseguir\u00e1 el incumplimiento de las anteriores condiciones, as\u00ed como cualquier utilizaci\u00f3n indebida de los contenidos presentados en su sitio web ejerciendo todas las acciones civiles y penales que le puedan corresponder en Derecho.<\/p>\n<p><strong>&nbsp;<\/strong><\/p>\n<p>&nbsp;<\/p>\n<p><em>\u00daltima actualizaci\u00f3n del Aviso Legal: 2018\/10<\/em><\/p>","protected":false},"excerpt":{"rendered":"<p>Aviso legal y condiciones de uso &nbsp; &nbsp; Informaci\u00f3n legal &nbsp; En cumplimiento de la Ley 34\/2002, de 11 de julio, de Servicios de la Sociedad de la Informaci\u00f3n y de Comercio Electr\u00f3nico, le informamos que el dominio de internet www.sesamomoda.com es titularidad de Salvatore Bevilacqua, en adelante \u201cSesamo Moda\u201d (NIF: X5808138V), con domicilio en [&hellip;]<\/p>\n","protected":false},"author":1,"featured_media":0,"parent":0,"menu_order":0,"comment_status":"closed","ping_status":"closed","template":"","meta":{"footnotes":""},"class_list":["post-1336","page","type-page","status-publish","hentry"],"yoast_head":"<!-- This site is optimized with the Yoast SEO plugin v27.5 - https:\/\/yoast.com\/product\/yoast-seo-wordpress\/ -->\n<title>Aviso Legal - Sesamo Moda<\/title>\n<meta name=\"robots\" content=\"index, follow, max-snippet:-1, max-image-preview:large, max-video-preview:-1\" \/>\n<link rel=\"canonical\" href=\"https:\/\/sesamomoda.com\/eus\/aviso-legal\/\" \/>\n<meta property=\"og:locale\" content=\"en_US\" \/>\n<meta property=\"og:type\" content=\"article\" \/>\n<meta property=\"og:title\" content=\"Aviso Legal - Sesamo Moda\" \/>\n<meta property=\"og:description\" content=\"Aviso legal y condiciones de uso &nbsp; &nbsp; Informaci\u00f3n legal &nbsp; En cumplimiento de la Ley 34\/2002, de 11 de julio, de Servicios de la Sociedad de la Informaci\u00f3n y de Comercio Electr\u00f3nico, le informamos que el dominio de internet www.sesamomoda.com es titularidad de Salvatore Bevilacqua, en adelante \u201cSesamo Moda\u201d (NIF: X5808138V), con domicilio en [&hellip;]\" \/>\n<meta property=\"og:url\" content=\"https:\/\/sesamomoda.com\/eus\/aviso-legal\/\" \/>\n<meta property=\"og:site_name\" content=\"Sesamo Moda\" \/>\n<meta property=\"article:publisher\" content=\"https:\/\/www.facebook.com\/SesamoModa\/\" \/>\n<meta property=\"article:modified_time\" content=\"2023-11-21T08:43:09+00:00\" \/>\n<meta name=\"twitter:card\" content=\"summary_large_image\" \/>\n<meta name=\"twitter:label1\" content=\"Est. reading time\" \/>\n\t<meta name=\"twitter:data1\" content=\"8 minutua\" \/>\n<script type=\"application\/ld+json\" class=\"yoast-schema-graph\">{\"@context\":\"https:\\\/\\\/schema.org\",\"@graph\":[{\"@type\":\"WebPage\",\"@id\":\"https:\\\/\\\/sesamomoda.com\\\/aviso-legal\\\/\",\"url\":\"https:\\\/\\\/sesamomoda.com\\\/aviso-legal\\\/\",\"name\":\"Aviso Legal - Sesamo Moda\",\"isPartOf\":{\"@id\":\"https:\\\/\\\/sesamomoda.com\\\/#website\"},\"datePublished\":\"2015-11-26T10:10:56+00:00\",\"dateModified\":\"2023-11-21T08:43:09+00:00\",\"breadcrumb\":{\"@id\":\"https:\\\/\\\/sesamomoda.com\\\/aviso-legal\\\/#breadcrumb\"},\"inLanguage\":\"eu\",\"potentialAction\":[{\"@type\":\"ReadAction\",\"target\":[\"https:\\\/\\\/sesamomoda.com\\\/aviso-legal\\\/\"]}]},{\"@type\":\"BreadcrumbList\",\"@id\":\"https:\\\/\\\/sesamomoda.com\\\/aviso-legal\\\/#breadcrumb\",\"itemListElement\":[{\"@type\":\"ListItem\",\"position\":1,\"name\":\"Portada\",\"item\":\"https:\\\/\\\/sesamomoda.com\\\/\"},{\"@type\":\"ListItem\",\"position\":2,\"name\":\"Aviso Legal\"}]},{\"@type\":\"WebSite\",\"@id\":\"https:\\\/\\\/sesamomoda.com\\\/#website\",\"url\":\"https:\\\/\\\/sesamomoda.com\\\/\",\"name\":\"Sesamo Moda\",\"description\":\"Sesamo Moda\",\"publisher\":{\"@id\":\"https:\\\/\\\/sesamomoda.com\\\/#organization\"},\"potentialAction\":[{\"@type\":\"SearchAction\",\"target\":{\"@type\":\"EntryPoint\",\"urlTemplate\":\"https:\\\/\\\/sesamomoda.com\\\/?s={search_term_string}\"},\"query-input\":{\"@type\":\"PropertyValueSpecification\",\"valueRequired\":true,\"valueName\":\"search_term_string\"}}],\"inLanguage\":\"eu\"},{\"@type\":\"Organization\",\"@id\":\"https:\\\/\\\/sesamomoda.com\\\/#organization\",\"name\":\"Sesamo Moda\",\"url\":\"https:\\\/\\\/sesamomoda.com\\\/\",\"logo\":{\"@type\":\"ImageObject\",\"inLanguage\":\"eu\",\"@id\":\"https:\\\/\\\/sesamomoda.com\\\/#\\\/schema\\\/logo\\\/image\\\/\",\"url\":\"https:\\\/\\\/sesamomoda.com\\\/wp-content\\\/uploads\\\/2023\\\/11\\\/cropped-Logo-sesamomoda_Mesa-de-trabajo-1.png\",\"contentUrl\":\"https:\\\/\\\/sesamomoda.com\\\/wp-content\\\/uploads\\\/2023\\\/11\\\/cropped-Logo-sesamomoda_Mesa-de-trabajo-1.png\",\"width\":1920,\"height\":397,\"caption\":\"Sesamo Moda\"},\"image\":{\"@id\":\"https:\\\/\\\/sesamomoda.com\\\/#\\\/schema\\\/logo\\\/image\\\/\"},\"sameAs\":[\"https:\\\/\\\/www.facebook.com\\\/SesamoModa\\\/\",\"https:\\\/\\\/www.instagram.com\\\/sesamomoda\\\/\"]}]}<\/script>\n<!-- \/ Yoast SEO plugin. -->","yoast_head_json":{"title":"Aviso Legal - Sesamo Moda","robots":{"index":"index","follow":"follow","max-snippet":"max-snippet:-1","max-image-preview":"max-image-preview:large","max-video-preview":"max-video-preview:-1"},"canonical":"https:\/\/sesamomoda.com\/eus\/aviso-legal\/","og_locale":"en_US","og_type":"article","og_title":"Aviso Legal - Sesamo Moda","og_description":"Aviso legal y condiciones de uso &nbsp; &nbsp; Informaci\u00f3n legal &nbsp; En cumplimiento de la Ley 34\/2002, de 11 de julio, de Servicios de la Sociedad de la Informaci\u00f3n y de Comercio Electr\u00f3nico, le informamos que el dominio de internet www.sesamomoda.com es titularidad de Salvatore Bevilacqua, en adelante \u201cSesamo Moda\u201d (NIF: X5808138V), con domicilio en [&hellip;]","og_url":"https:\/\/sesamomoda.com\/eus\/aviso-legal\/","og_site_name":"Sesamo Moda","article_publisher":"https:\/\/www.facebook.com\/SesamoModa\/","article_modified_time":"2023-11-21T08:43:09+00:00","twitter_card":"summary_large_image","twitter_misc":{"Est. reading time":"8 minutua"},"schema":{"@context":"https:\/\/schema.org","@graph":[{"@type":"WebPage","@id":"https:\/\/sesamomoda.com\/aviso-legal\/","url":"https:\/\/sesamomoda.com\/aviso-legal\/","name":"Aviso Legal - Sesamo Moda","isPartOf":{"@id":"https:\/\/sesamomoda.com\/#website"},"datePublished":"2015-11-26T10:10:56+00:00","dateModified":"2023-11-21T08:43:09+00:00","breadcrumb":{"@id":"https:\/\/sesamomoda.com\/aviso-legal\/#breadcrumb"},"inLanguage":"eu","potentialAction":[{"@type":"ReadAction","target":["https:\/\/sesamomoda.com\/aviso-legal\/"]}]},{"@type":"BreadcrumbList","@id":"https:\/\/sesamomoda.com\/aviso-legal\/#breadcrumb","itemListElement":[{"@type":"ListItem","position":1,"name":"Portada","item":"https:\/\/sesamomoda.com\/"},{"@type":"ListItem","position":2,"name":"Aviso Legal"}]},{"@type":"WebSite","@id":"https:\/\/sesamomoda.com\/#website","url":"https:\/\/sesamomoda.com\/","name":"Sesamo Moda","description":"Sesamo Moda","publisher":{"@id":"https:\/\/sesamomoda.com\/#organization"},"potentialAction":[{"@type":"SearchAction","target":{"@type":"EntryPoint","urlTemplate":"https:\/\/sesamomoda.com\/?s={search_term_string}"},"query-input":{"@type":"PropertyValueSpecification","valueRequired":true,"valueName":"search_term_string"}}],"inLanguage":"eu"},{"@type":"Organization","@id":"https:\/\/sesamomoda.com\/#organization","name":"Sesamo Moda","url":"https:\/\/sesamomoda.com\/","logo":{"@type":"ImageObject","inLanguage":"eu","@id":"https:\/\/sesamomoda.com\/#\/schema\/logo\/image\/","url":"https:\/\/sesamomoda.com\/wp-content\/uploads\/2023\/11\/cropped-Logo-sesamomoda_Mesa-de-trabajo-1.png","contentUrl":"https:\/\/sesamomoda.com\/wp-content\/uploads\/2023\/11\/cropped-Logo-sesamomoda_Mesa-de-trabajo-1.png","width":1920,"height":397,"caption":"Sesamo Moda"},"image":{"@id":"https:\/\/sesamomoda.com\/#\/schema\/logo\/image\/"},"sameAs":["https:\/\/www.facebook.com\/SesamoModa\/","https:\/\/www.instagram.com\/sesamomoda\/"]}]}},"jetpack_sharing_enabled":true,"_links":{"self":[{"href":"https:\/\/sesamomoda.com\/eus\/wp-json\/wp\/v2\/pages\/1336","targetHints":{"allow":["GET"]}}],"collection":[{"href":"https:\/\/sesamomoda.com\/eus\/wp-json\/wp\/v2\/pages"}],"about":[{"href":"https:\/\/sesamomoda.com\/eus\/wp-json\/wp\/v2\/types\/page"}],"author":[{"embeddable":true,"href":"https:\/\/sesamomoda.com\/eus\/wp-json\/wp\/v2\/users\/1"}],"replies":[{"embeddable":true,"href":"https:\/\/sesamomoda.com\/eus\/wp-json\/wp\/v2\/comments?post=1336"}],"version-history":[{"count":9,"href":"https:\/\/sesamomoda.com\/eus\/wp-json\/wp\/v2\/pages\/1336\/revisions"}],"predecessor-version":[{"id":7760,"href":"https:\/\/sesamomoda.com\/eus\/wp-json\/wp\/v2\/pages\/1336\/revisions\/7760"}],"wp:attachment":[{"href":"https:\/\/sesamomoda.com\/eus\/wp-json\/wp\/v2\/media?parent=1336"}],"curies":[{"name":"wp","href":"https:\/\/api.w.org\/{rel}","templated":true}]}}