{"id":4161,"date":"2018-11-21T15:39:13","date_gmt":"2018-11-21T15:39:13","guid":{"rendered":"https:\/\/www.sesamomoda.com\/?page_id=4161"},"modified":"2019-04-09T18:07:22","modified_gmt":"2019-04-09T18:07:22","slug":"politica-de-cookies","status":"publish","type":"page","link":"https:\/\/sesamomoda.com\/eus\/politica-de-cookies\/","title":{"rendered":"Pol\u00edtica de Cookies"},"content":{"rendered":"<p><strong><u>Pol\u00edtica de Cookies<\/u><\/strong><\/p>\n<p>&nbsp;<\/p>\n<p><strong>\u00bfQu\u00e9 es una cookie?<\/strong><\/p>\n<p>&nbsp;<\/p>\n<p>Una cookie es un archivo inform\u00e1tico que un servidor web puede procesar en el dispositivo (ordenador, tel\u00e9fono, etc.) con el que se conecta el usuario, con el fin de reconocer sus caracter\u00edsticas y\/o preferencias cuando se vuelva a conectar y\/o de facilitar el uso y la navegaci\u00f3n por el sitio web, aportando diversas ventajas en la prestaci\u00f3n de servicios interactivos. Las cookies se utilizan, entre otras finalidades, para gestionar la sesi\u00f3n del usuario (por ejemplo, reduciendo el n\u00famero de veces que tiene que incluir su contrase\u00f1a) o para adecuar los contenidos de un sitio web a sus preferencias (por ejemplo, idioma). Las cookies pueden ser de \u201csesi\u00f3n\u201d, por lo que se borrar\u00e1n una vez el usuario abandone el sitio web que las gener\u00f3 o \u201cpersistentes\u201d, que permanecen en su dispositivo hasta una fecha determinada.<\/p>\n<p>&nbsp;<\/p>\n<p><strong>\u00bfQu\u00e9 tipo de cookies utiliza este sitio web?<\/strong><\/p>\n<p><strong>&nbsp;<\/strong><\/p>\n<p>Este sitio web utiliza diferentes tipos de cookies, con las finalidades que se detallan a continuaci\u00f3n:<\/p>\n<p>&nbsp;<\/p>\n<p><u>Cookies t\u00e9cnicas<\/u>: permiten al usuario la navegaci\u00f3n a trav\u00e9s de este sitio web y la utilizaci\u00f3n de diferentes opciones que en \u00e9l pueden existir como, por ejemplo, identificar la sesi\u00f3n, acceder a las \u00e1reas privadas del sitio web, gestionar los par\u00e1metros introducidos por el usuario o compartir contenidos a trav\u00e9s de redes sociales.<\/p>\n<p>&nbsp;<\/p>\n<p><u>Cookies de an\u00e1lisis<\/u>: permiten el seguimiento y an\u00e1lisis del comportamiento de los usuarios del sitio web. La informaci\u00f3n recogida mediante este tipo de cookies se utiliza en la medici\u00f3n de la actividad del sitio web, con el fin de introducir mejoras en funci\u00f3n del an\u00e1lisis de los datos de uso que hacen los usuarios (por ejemplo, Google Analytics).<\/p>\n<p>&nbsp;<\/p>\n<p><strong>Cookies de terceros utilizadas en este sitio web<\/strong><\/p>\n<p>&nbsp;<\/p>\n<p>Este sitio web utiliza cookies de terceros. A continuaci\u00f3n, se indican los terceros que hacen uso de las cookies:<\/p>\n<p>Google Analytics \u2192 para realizar an\u00e1lisis estad\u00edsticos<\/p>\n<p>&nbsp;<\/p>\n<p><strong>&nbsp;<\/strong><\/p>\n<p><strong>\u00bfC\u00f3mo se pueden desactivar o eliminar las cookies?<\/strong><\/p>\n<p>&nbsp;<\/p>\n<p>El usuario, si lo desea, pueda desactivar y\/o eliminar las cookies. Como informaci\u00f3n adicional al usuario, aportamos d\u00f3nde puede encontrar la configuraci\u00f3n para el tratamiento de cookies en algunos de los principales navegadores:<\/p>\n<p>&nbsp;<\/p>\n<p>Microsoft Internet Explorer: Herramientas\\ Opciones de Internet\\ Privacidad\\ Avanzada\\<\/p>\n<p>Mozilla Firefox: Opciones\\ Privacidad\\<\/p>\n<p>Google Chrome: Configuraci\u00f3n\\ Configuraci\u00f3n Avanzada\\ Configuraci\u00f3n de Contenido\\ Cookies\\<\/p>\n<p>Apple Safari: Preferencias\\ Privacidad\\<\/p>","protected":false},"excerpt":{"rendered":"<p>Pol\u00edtica de Cookies &nbsp; \u00bfQu\u00e9 es una cookie? &nbsp; Una cookie es un archivo inform\u00e1tico que un servidor web puede procesar en el dispositivo (ordenador, tel\u00e9fono, etc.) con el que se conecta el usuario, con el fin de reconocer sus caracter\u00edsticas y\/o preferencias cuando se vuelva a conectar y\/o de facilitar el uso y la [&hellip;]<\/p>\n","protected":false},"author":1,"featured_media":0,"parent":0,"menu_order":0,"comment_status":"closed","ping_status":"closed","template":"template-fullwidth.php","meta":{"footnotes":""},"class_list":["post-4161","page","type-page","status-publish","hentry"],"yoast_head":"<!-- This site is optimized with the Yoast SEO plugin v27.5 - https:\/\/yoast.com\/product\/yoast-seo-wordpress\/ -->\n<title>Pol\u00edtica de Cookies - Sesamo Moda<\/title>\n<meta name=\"robots\" content=\"index, follow, max-snippet:-1, max-image-preview:large, max-video-preview:-1\" \/>\n<link rel=\"canonical\" href=\"https:\/\/sesamomoda.com\/eus\/politica-de-cookies\/\" \/>\n<meta property=\"og:locale\" content=\"en_US\" \/>\n<meta property=\"og:type\" content=\"article\" \/>\n<meta property=\"og:title\" content=\"Pol\u00edtica de Cookies - Sesamo Moda\" \/>\n<meta property=\"og:description\" content=\"Pol\u00edtica de Cookies &nbsp; \u00bfQu\u00e9 es una cookie? &nbsp; Una cookie es un archivo inform\u00e1tico que un servidor web puede procesar en el dispositivo (ordenador, tel\u00e9fono, etc.) con el que se conecta el usuario, con el fin de reconocer sus caracter\u00edsticas y\/o preferencias cuando se vuelva a conectar y\/o de facilitar el uso y la [&hellip;]\" \/>\n<meta property=\"og:url\" content=\"https:\/\/sesamomoda.com\/eus\/politica-de-cookies\/\" \/>\n<meta property=\"og:site_name\" content=\"Sesamo Moda\" \/>\n<meta property=\"article:publisher\" content=\"https:\/\/www.facebook.com\/SesamoModa\/\" \/>\n<meta property=\"article:modified_time\" content=\"2019-04-09T18:07:22+00:00\" \/>\n<meta name=\"twitter:card\" content=\"summary_large_image\" \/>\n<meta name=\"twitter:label1\" content=\"Est. reading time\" \/>\n\t<meta name=\"twitter:data1\" content=\"2 minutua\" \/>\n<script type=\"application\/ld+json\" class=\"yoast-schema-graph\">{\"@context\":\"https:\\\/\\\/schema.org\",\"@graph\":[{\"@type\":\"WebPage\",\"@id\":\"https:\\\/\\\/sesamomoda.com\\\/politica-de-cookies\\\/\",\"url\":\"https:\\\/\\\/sesamomoda.com\\\/politica-de-cookies\\\/\",\"name\":\"Pol\u00edtica de Cookies - Sesamo Moda\",\"isPartOf\":{\"@id\":\"https:\\\/\\\/sesamomoda.com\\\/#website\"},\"datePublished\":\"2018-11-21T15:39:13+00:00\",\"dateModified\":\"2019-04-09T18:07:22+00:00\",\"breadcrumb\":{\"@id\":\"https:\\\/\\\/sesamomoda.com\\\/politica-de-cookies\\\/#breadcrumb\"},\"inLanguage\":\"eu\",\"potentialAction\":[{\"@type\":\"ReadAction\",\"target\":[\"https:\\\/\\\/sesamomoda.com\\\/politica-de-cookies\\\/\"]}]},{\"@type\":\"BreadcrumbList\",\"@id\":\"https:\\\/\\\/sesamomoda.com\\\/politica-de-cookies\\\/#breadcrumb\",\"itemListElement\":[{\"@type\":\"ListItem\",\"position\":1,\"name\":\"Portada\",\"item\":\"https:\\\/\\\/sesamomoda.com\\\/\"},{\"@type\":\"ListItem\",\"position\":2,\"name\":\"Pol\u00edtica de Cookies\"}]},{\"@type\":\"WebSite\",\"@id\":\"https:\\\/\\\/sesamomoda.com\\\/#website\",\"url\":\"https:\\\/\\\/sesamomoda.com\\\/\",\"name\":\"Sesamo Moda\",\"description\":\"Sesamo Moda\",\"publisher\":{\"@id\":\"https:\\\/\\\/sesamomoda.com\\\/#organization\"},\"potentialAction\":[{\"@type\":\"SearchAction\",\"target\":{\"@type\":\"EntryPoint\",\"urlTemplate\":\"https:\\\/\\\/sesamomoda.com\\\/?s={search_term_string}\"},\"query-input\":{\"@type\":\"PropertyValueSpecification\",\"valueRequired\":true,\"valueName\":\"search_term_string\"}}],\"inLanguage\":\"eu\"},{\"@type\":\"Organization\",\"@id\":\"https:\\\/\\\/sesamomoda.com\\\/#organization\",\"name\":\"Sesamo Moda\",\"url\":\"https:\\\/\\\/sesamomoda.com\\\/\",\"logo\":{\"@type\":\"ImageObject\",\"inLanguage\":\"eu\",\"@id\":\"https:\\\/\\\/sesamomoda.com\\\/#\\\/schema\\\/logo\\\/image\\\/\",\"url\":\"https:\\\/\\\/sesamomoda.com\\\/wp-content\\\/uploads\\\/2023\\\/11\\\/cropped-Logo-sesamomoda_Mesa-de-trabajo-1.png\",\"contentUrl\":\"https:\\\/\\\/sesamomoda.com\\\/wp-content\\\/uploads\\\/2023\\\/11\\\/cropped-Logo-sesamomoda_Mesa-de-trabajo-1.png\",\"width\":1920,\"height\":397,\"caption\":\"Sesamo Moda\"},\"image\":{\"@id\":\"https:\\\/\\\/sesamomoda.com\\\/#\\\/schema\\\/logo\\\/image\\\/\"},\"sameAs\":[\"https:\\\/\\\/www.facebook.com\\\/SesamoModa\\\/\",\"https:\\\/\\\/www.instagram.com\\\/sesamomoda\\\/\"]}]}<\/script>\n<!-- \/ Yoast SEO plugin. -->","yoast_head_json":{"title":"Pol\u00edtica de Cookies - Sesamo Moda","robots":{"index":"index","follow":"follow","max-snippet":"max-snippet:-1","max-image-preview":"max-image-preview:large","max-video-preview":"max-video-preview:-1"},"canonical":"https:\/\/sesamomoda.com\/eus\/politica-de-cookies\/","og_locale":"en_US","og_type":"article","og_title":"Pol\u00edtica de Cookies - Sesamo Moda","og_description":"Pol\u00edtica de Cookies &nbsp; \u00bfQu\u00e9 es una cookie? &nbsp; Una cookie es un archivo inform\u00e1tico que un servidor web puede procesar en el dispositivo (ordenador, tel\u00e9fono, etc.) con el que se conecta el usuario, con el fin de reconocer sus caracter\u00edsticas y\/o preferencias cuando se vuelva a conectar y\/o de facilitar el uso y la [&hellip;]","og_url":"https:\/\/sesamomoda.com\/eus\/politica-de-cookies\/","og_site_name":"Sesamo Moda","article_publisher":"https:\/\/www.facebook.com\/SesamoModa\/","article_modified_time":"2019-04-09T18:07:22+00:00","twitter_card":"summary_large_image","twitter_misc":{"Est. reading time":"2 minutua"},"schema":{"@context":"https:\/\/schema.org","@graph":[{"@type":"WebPage","@id":"https:\/\/sesamomoda.com\/politica-de-cookies\/","url":"https:\/\/sesamomoda.com\/politica-de-cookies\/","name":"Pol\u00edtica de Cookies - Sesamo Moda","isPartOf":{"@id":"https:\/\/sesamomoda.com\/#website"},"datePublished":"2018-11-21T15:39:13+00:00","dateModified":"2019-04-09T18:07:22+00:00","breadcrumb":{"@id":"https:\/\/sesamomoda.com\/politica-de-cookies\/#breadcrumb"},"inLanguage":"eu","potentialAction":[{"@type":"ReadAction","target":["https:\/\/sesamomoda.com\/politica-de-cookies\/"]}]},{"@type":"BreadcrumbList","@id":"https:\/\/sesamomoda.com\/politica-de-cookies\/#breadcrumb","itemListElement":[{"@type":"ListItem","position":1,"name":"Portada","item":"https:\/\/sesamomoda.com\/"},{"@type":"ListItem","position":2,"name":"Pol\u00edtica de Cookies"}]},{"@type":"WebSite","@id":"https:\/\/sesamomoda.com\/#website","url":"https:\/\/sesamomoda.com\/","name":"Sesamo Moda","description":"Sesamo Moda","publisher":{"@id":"https:\/\/sesamomoda.com\/#organization"},"potentialAction":[{"@type":"SearchAction","target":{"@type":"EntryPoint","urlTemplate":"https:\/\/sesamomoda.com\/?s={search_term_string}"},"query-input":{"@type":"PropertyValueSpecification","valueRequired":true,"valueName":"search_term_string"}}],"inLanguage":"eu"},{"@type":"Organization","@id":"https:\/\/sesamomoda.com\/#organization","name":"Sesamo Moda","url":"https:\/\/sesamomoda.com\/","logo":{"@type":"ImageObject","inLanguage":"eu","@id":"https:\/\/sesamomoda.com\/#\/schema\/logo\/image\/","url":"https:\/\/sesamomoda.com\/wp-content\/uploads\/2023\/11\/cropped-Logo-sesamomoda_Mesa-de-trabajo-1.png","contentUrl":"https:\/\/sesamomoda.com\/wp-content\/uploads\/2023\/11\/cropped-Logo-sesamomoda_Mesa-de-trabajo-1.png","width":1920,"height":397,"caption":"Sesamo Moda"},"image":{"@id":"https:\/\/sesamomoda.com\/#\/schema\/logo\/image\/"},"sameAs":["https:\/\/www.facebook.com\/SesamoModa\/","https:\/\/www.instagram.com\/sesamomoda\/"]}]}},"jetpack_sharing_enabled":true,"_links":{"self":[{"href":"https:\/\/sesamomoda.com\/eus\/wp-json\/wp\/v2\/pages\/4161","targetHints":{"allow":["GET"]}}],"collection":[{"href":"https:\/\/sesamomoda.com\/eus\/wp-json\/wp\/v2\/pages"}],"about":[{"href":"https:\/\/sesamomoda.com\/eus\/wp-json\/wp\/v2\/types\/page"}],"author":[{"embeddable":true,"href":"https:\/\/sesamomoda.com\/eus\/wp-json\/wp\/v2\/users\/1"}],"replies":[{"embeddable":true,"href":"https:\/\/sesamomoda.com\/eus\/wp-json\/wp\/v2\/comments?post=4161"}],"version-history":[{"count":2,"href":"https:\/\/sesamomoda.com\/eus\/wp-json\/wp\/v2\/pages\/4161\/revisions"}],"predecessor-version":[{"id":4456,"href":"https:\/\/sesamomoda.com\/eus\/wp-json\/wp\/v2\/pages\/4161\/revisions\/4456"}],"wp:attachment":[{"href":"https:\/\/sesamomoda.com\/eus\/wp-json\/wp\/v2\/media?parent=4161"}],"curies":[{"name":"wp","href":"https:\/\/api.w.org\/{rel}","templated":true}]}}