{"id":7665,"date":"2023-11-20T12:32:33","date_gmt":"2023-11-20T12:32:33","guid":{"rendered":"https:\/\/webphp7.rkinformatika.net\/sesamomoda\/?page_id=7665"},"modified":"2023-12-07T11:40:01","modified_gmt":"2023-12-07T11:40:01","slug":"quienes-somos","status":"publish","type":"page","link":"https:\/\/sesamomoda.com\/eus\/quienes-somos\/","title":{"rendered":"Qui\u00e9nes Somos"},"content":{"rendered":"<div data-elementor-type=\"wp-page\" data-elementor-id=\"7665\" class=\"elementor elementor-7665\" data-elementor-post-type=\"page\">\n\t\t\t\t\t\t<section class=\"elementor-section elementor-top-section elementor-element elementor-element-187187e8 elementor-section-boxed elementor-section-height-default elementor-section-height-default\" data-id=\"187187e8\" data-element_type=\"section\" data-e-type=\"section\" data-settings=\"{&quot;background_background&quot;:&quot;classic&quot;}\">\n\t\t\t\t\t\t\t<div class=\"elementor-background-overlay\"><\/div>\n\t\t\t\t\t\t\t<div class=\"elementor-container elementor-column-gap-default\">\n\t\t\t\t\t<div class=\"elementor-column elementor-col-100 elementor-top-column elementor-element elementor-element-2fca4ae0\" data-id=\"2fca4ae0\" data-element_type=\"column\" data-e-type=\"column\">\n\t\t\t<div class=\"elementor-widget-wrap elementor-element-populated\">\n\t\t\t\t\t\t<div class=\"elementor-element elementor-element-68fd4707 elementor-widget elementor-widget-heading\" data-id=\"68fd4707\" data-element_type=\"widget\" data-e-type=\"widget\" data-widget_type=\"heading.default\">\n\t\t\t\t<div class=\"elementor-widget-container\">\n\t\t\t\t\t<h1 class=\"elementor-heading-title elementor-size-default\">Qui\u00e9nes Somos<\/h1>\t\t\t\t<\/div>\n\t\t\t\t<\/div>\n\t\t\t\t\t<\/div>\n\t\t<\/div>\n\t\t\t\t\t<\/div>\n\t\t<\/section>\n\t\t\t\t<section class=\"elementor-section elementor-top-section elementor-element elementor-element-569e642a elementor-reverse-mobile elementor-section-boxed elementor-section-height-default elementor-section-height-default\" data-id=\"569e642a\" data-element_type=\"section\" data-e-type=\"section\">\n\t\t\t\t\t\t<div class=\"elementor-container elementor-column-gap-default\">\n\t\t\t\t\t<div class=\"elementor-column elementor-col-50 elementor-top-column elementor-element elementor-element-15f0d212\" data-id=\"15f0d212\" data-element_type=\"column\" data-e-type=\"column\">\n\t\t\t<div class=\"elementor-widget-wrap elementor-element-populated\">\n\t\t\t\t\t\t<div class=\"elementor-element elementor-element-2816d42 elementor-widget elementor-widget-heading\" data-id=\"2816d42\" data-element_type=\"widget\" data-e-type=\"widget\" data-widget_type=\"heading.default\">\n\t\t\t\t<div class=\"elementor-widget-container\">\n\t\t\t\t\t<h2 class=\"elementor-heading-title elementor-size-default\">-----   Sobre Nosotros<\/h2>\t\t\t\t<\/div>\n\t\t\t\t<\/div>\n\t\t\t\t<div class=\"elementor-element elementor-element-1f5c8da4 elementor-widget elementor-widget-text-editor\" data-id=\"1f5c8da4\" data-element_type=\"widget\" data-e-type=\"widget\" data-widget_type=\"text-editor.default\">\n\t\t\t\t<div class=\"elementor-widget-container\">\n\t\t\t\t\t\t\t\t\t<p>Sesamo Moda es fruto de un proyecto de vida entre dos personas que supimos combinar el viento del cant\u00e1brico con la brisa mediterr\u00e1nea de Italia, ten\u00edamos tantas ganas de compartir nuestro estilo de vida que comenzamos nuestra andadura en 2003 abriendo una peque\u00f1a tienda en Mungia (Bizkaia).<\/p>\t\t\t\t\t\t\t\t<\/div>\n\t\t\t\t<\/div>\n\t\t\t\t\t<\/div>\n\t\t<\/div>\n\t\t\t\t<div class=\"elementor-column elementor-col-50 elementor-top-column elementor-element elementor-element-6b5d9940\" data-id=\"6b5d9940\" data-element_type=\"column\" data-e-type=\"column\">\n\t\t\t<div class=\"elementor-widget-wrap elementor-element-populated\">\n\t\t\t\t\t\t<div class=\"elementor-element elementor-element-4a7d0656 elementor-widget elementor-widget-image\" data-id=\"4a7d0656\" data-element_type=\"widget\" data-e-type=\"widget\" data-widget_type=\"image.default\">\n\t\t\t\t<div class=\"elementor-widget-container\">\n\t\t\t\t\t\t\t\t\t\t\t\t\t\t\t<img fetchpriority=\"high\" decoding=\"async\" width=\"800\" height=\"534\" src=\"https:\/\/sesamomoda.com\/wp-content\/uploads\/2022\/07\/282517038_5184722181622692_1610039050954983148_n-1024x683.jpg\" class=\"attachment-large size-large wp-image-6803\" alt=\"\" srcset=\"https:\/\/sesamomoda.com\/wp-content\/uploads\/2022\/07\/282517038_5184722181622692_1610039050954983148_n-1024x683.jpg 1024w, https:\/\/sesamomoda.com\/wp-content\/uploads\/2022\/07\/282517038_5184722181622692_1610039050954983148_n-600x400.jpg 600w, https:\/\/sesamomoda.com\/wp-content\/uploads\/2022\/07\/282517038_5184722181622692_1610039050954983148_n-300x200.jpg 300w, https:\/\/sesamomoda.com\/wp-content\/uploads\/2022\/07\/282517038_5184722181622692_1610039050954983148_n-768x512.jpg 768w, https:\/\/sesamomoda.com\/wp-content\/uploads\/2022\/07\/282517038_5184722181622692_1610039050954983148_n-1536x1024.jpg 1536w, https:\/\/sesamomoda.com\/wp-content\/uploads\/2022\/07\/282517038_5184722181622692_1610039050954983148_n-416x277.jpg 416w, https:\/\/sesamomoda.com\/wp-content\/uploads\/2022\/07\/282517038_5184722181622692_1610039050954983148_n.jpg 2048w\" sizes=\"(max-width: 800px) 100vw, 800px\" \/>\t\t\t\t\t\t\t\t\t\t\t\t\t\t\t<\/div>\n\t\t\t\t<\/div>\n\t\t\t\t\t<\/div>\n\t\t<\/div>\n\t\t\t\t\t<\/div>\n\t\t<\/section>\n\t\t\t\t<section class=\"elementor-section elementor-top-section elementor-element elementor-element-8b8597b elementor-section-boxed elementor-section-height-default elementor-section-height-default\" data-id=\"8b8597b\" data-element_type=\"section\" data-e-type=\"section\" data-settings=\"{&quot;background_background&quot;:&quot;classic&quot;}\">\n\t\t\t\t\t\t<div class=\"elementor-container elementor-column-gap-default\">\n\t\t\t\t\t<div class=\"elementor-column elementor-col-50 elementor-top-column elementor-element elementor-element-5045ec21\" data-id=\"5045ec21\" data-element_type=\"column\" data-e-type=\"column\">\n\t\t\t<div class=\"elementor-widget-wrap elementor-element-populated\">\n\t\t\t\t\t\t<div class=\"elementor-element elementor-element-39016d3e elementor-widget elementor-widget-image\" data-id=\"39016d3e\" data-element_type=\"widget\" data-e-type=\"widget\" data-widget_type=\"image.default\">\n\t\t\t\t<div class=\"elementor-widget-container\">\n\t\t\t\t\t\t\t\t\t\t\t\t\t\t\t<img decoding=\"async\" width=\"800\" height=\"800\" src=\"https:\/\/sesamomoda.com\/wp-content\/uploads\/2022\/07\/279019851_5113216555439922_4084050674390741204_n.jpg\" class=\"attachment-large size-large wp-image-6802\" alt=\"\" srcset=\"https:\/\/sesamomoda.com\/wp-content\/uploads\/2022\/07\/279019851_5113216555439922_4084050674390741204_n.jpg 843w, https:\/\/sesamomoda.com\/wp-content\/uploads\/2022\/07\/279019851_5113216555439922_4084050674390741204_n-300x300.jpg 300w, https:\/\/sesamomoda.com\/wp-content\/uploads\/2022\/07\/279019851_5113216555439922_4084050674390741204_n-100x100.jpg 100w, https:\/\/sesamomoda.com\/wp-content\/uploads\/2022\/07\/279019851_5113216555439922_4084050674390741204_n-600x600.jpg 600w, https:\/\/sesamomoda.com\/wp-content\/uploads\/2022\/07\/279019851_5113216555439922_4084050674390741204_n-150x150.jpg 150w, https:\/\/sesamomoda.com\/wp-content\/uploads\/2022\/07\/279019851_5113216555439922_4084050674390741204_n-768x768.jpg 768w, https:\/\/sesamomoda.com\/wp-content\/uploads\/2022\/07\/279019851_5113216555439922_4084050674390741204_n-324x324.jpg 324w, https:\/\/sesamomoda.com\/wp-content\/uploads\/2022\/07\/279019851_5113216555439922_4084050674390741204_n-416x416.jpg 416w\" sizes=\"(max-width: 800px) 100vw, 800px\" \/>\t\t\t\t\t\t\t\t\t\t\t\t\t\t\t<\/div>\n\t\t\t\t<\/div>\n\t\t\t\t\t<\/div>\n\t\t<\/div>\n\t\t\t\t<div class=\"elementor-column elementor-col-50 elementor-top-column elementor-element elementor-element-1ddf96e3\" data-id=\"1ddf96e3\" data-element_type=\"column\" data-e-type=\"column\">\n\t\t\t<div class=\"elementor-widget-wrap elementor-element-populated\">\n\t\t\t\t\t\t<div class=\"elementor-element elementor-element-396b6a43 elementor-widget elementor-widget-text-editor\" data-id=\"396b6a43\" data-element_type=\"widget\" data-e-type=\"widget\" data-widget_type=\"text-editor.default\">\n\t\t\t\t<div class=\"elementor-widget-container\">\n\t\t\t\t\t\t\t\t\t<p>Apostamos por ofrecer moda y complementos a todo color, adaptable a cualquier gusto sin perder la esencia de cada persona. Ofrecemos prendas y art\u00edculos de estilos variados pero con una expresi\u00f3n en com\u00fan, la alegr\u00eda del color. Nos gusta el car\u00e1cter alegre y por eso buscamos diferenciarnos ofreciendo piezas \u00fanicas seleccionadas con mucho mimo.<\/p>\t\t\t\t\t\t\t\t<\/div>\n\t\t\t\t<\/div>\n\t\t\t\t\t<\/div>\n\t\t<\/div>\n\t\t\t\t\t<\/div>\n\t\t<\/section>\n\t\t\t\t<section class=\"elementor-section elementor-top-section elementor-element elementor-element-1db6b81 elementor-reverse-mobile elementor-section-boxed elementor-section-height-default elementor-section-height-default\" data-id=\"1db6b81\" data-element_type=\"section\" data-e-type=\"section\">\n\t\t\t\t\t\t<div class=\"elementor-container elementor-column-gap-default\">\n\t\t\t\t\t<div class=\"elementor-column elementor-col-50 elementor-top-column elementor-element elementor-element-1377b3e\" data-id=\"1377b3e\" data-element_type=\"column\" data-e-type=\"column\">\n\t\t\t<div class=\"elementor-widget-wrap elementor-element-populated\">\n\t\t\t\t\t\t<div class=\"elementor-element elementor-element-77c94bc elementor-widget elementor-widget-text-editor\" data-id=\"77c94bc\" data-element_type=\"widget\" data-e-type=\"widget\" data-widget_type=\"text-editor.default\">\n\t\t\t\t<div class=\"elementor-widget-container\">\n\t\t\t\t\t\t\t\t\t<p>Sesamo Moda es una tienda llena de energ\u00eda positiva no s\u00f3lo por el colorido de nuestros art\u00edculos, tambi\u00e9n por la fragancia fresca y din\u00e1mica que se puede oler nada m\u00e1s entrar, ya que entre tops, blusas, bolsos, y maravillosos vestidos tambi\u00e9n podemos encontrar aromas y fragancias \u00fanicas para nuestros hogares as\u00ed como art\u00edculos de decoraci\u00f3n originales.<\/p><p>La calidad de lo que vendemos es lo principal para nosotros y as\u00ed lo demuestran las acreditaciones de calidad que poseemos, Q de Calidad.<\/p><p>\u00a0<\/p>\t\t\t\t\t\t\t\t<\/div>\n\t\t\t\t<\/div>\n\t\t\t\t\t<\/div>\n\t\t<\/div>\n\t\t\t\t<div class=\"elementor-column elementor-col-50 elementor-top-column elementor-element elementor-element-7c1d071\" data-id=\"7c1d071\" data-element_type=\"column\" data-e-type=\"column\">\n\t\t\t<div class=\"elementor-widget-wrap elementor-element-populated\">\n\t\t\t\t\t\t<div class=\"elementor-element elementor-element-d879a5a elementor-widget elementor-widget-image\" data-id=\"d879a5a\" data-element_type=\"widget\" data-e-type=\"widget\" data-widget_type=\"image.default\">\n\t\t\t\t<div class=\"elementor-widget-container\">\n\t\t\t\t\t\t\t\t\t\t\t\t\t\t\t<img decoding=\"async\" width=\"387\" height=\"333\" src=\"https:\/\/sesamomoda.com\/wp-content\/uploads\/2023\/11\/selloscalidad.jpg\" class=\"attachment-large size-large wp-image-7859\" alt=\"\" srcset=\"https:\/\/sesamomoda.com\/wp-content\/uploads\/2023\/11\/selloscalidad.jpg 387w, https:\/\/sesamomoda.com\/wp-content\/uploads\/2023\/11\/selloscalidad-300x258.jpg 300w, https:\/\/sesamomoda.com\/wp-content\/uploads\/2023\/11\/selloscalidad-14x12.jpg 14w\" sizes=\"(max-width: 387px) 100vw, 387px\" \/>\t\t\t\t\t\t\t\t\t\t\t\t\t\t\t<\/div>\n\t\t\t\t<\/div>\n\t\t\t\t\t<\/div>\n\t\t<\/div>\n\t\t\t\t\t<\/div>\n\t\t<\/section>\n\t\t\t\t<section class=\"elementor-section elementor-top-section elementor-element elementor-element-7a96578 elementor-section-boxed elementor-section-height-default elementor-section-height-default\" data-id=\"7a96578\" data-element_type=\"section\" data-e-type=\"section\" data-settings=\"{&quot;background_background&quot;:&quot;classic&quot;}\">\n\t\t\t\t\t\t<div class=\"elementor-container elementor-column-gap-default\">\n\t\t\t\t\t<div class=\"elementor-column elementor-col-50 elementor-top-column elementor-element elementor-element-db4c960\" data-id=\"db4c960\" data-element_type=\"column\" data-e-type=\"column\">\n\t\t\t<div class=\"elementor-widget-wrap elementor-element-populated\">\n\t\t\t\t\t\t<div class=\"elementor-element elementor-element-c6b504c elementor-widget elementor-widget-image\" data-id=\"c6b504c\" data-element_type=\"widget\" data-e-type=\"widget\" data-widget_type=\"image.default\">\n\t\t\t\t<div class=\"elementor-widget-container\">\n\t\t\t\t\t\t\t\t\t\t\t\t\t\t\t<img loading=\"lazy\" decoding=\"async\" width=\"800\" height=\"534\" src=\"https:\/\/sesamomoda.com\/wp-content\/uploads\/2023\/08\/341773109_3589518944624667_452888965260610012_n-1024x683.jpg\" class=\"attachment-large size-large wp-image-7358\" alt=\"\" srcset=\"https:\/\/sesamomoda.com\/wp-content\/uploads\/2023\/08\/341773109_3589518944624667_452888965260610012_n-1024x683.jpg 1024w, https:\/\/sesamomoda.com\/wp-content\/uploads\/2023\/08\/341773109_3589518944624667_452888965260610012_n-600x400.jpg 600w, https:\/\/sesamomoda.com\/wp-content\/uploads\/2023\/08\/341773109_3589518944624667_452888965260610012_n-300x200.jpg 300w, https:\/\/sesamomoda.com\/wp-content\/uploads\/2023\/08\/341773109_3589518944624667_452888965260610012_n-768x512.jpg 768w, https:\/\/sesamomoda.com\/wp-content\/uploads\/2023\/08\/341773109_3589518944624667_452888965260610012_n.jpg 1440w\" sizes=\"(max-width: 800px) 100vw, 800px\" \/>\t\t\t\t\t\t\t\t\t\t\t\t\t\t\t<\/div>\n\t\t\t\t<\/div>\n\t\t\t\t\t<\/div>\n\t\t<\/div>\n\t\t\t\t<div class=\"elementor-column elementor-col-50 elementor-top-column elementor-element elementor-element-d072ed7\" data-id=\"d072ed7\" data-element_type=\"column\" data-e-type=\"column\">\n\t\t\t<div class=\"elementor-widget-wrap elementor-element-populated\">\n\t\t\t\t\t\t<div class=\"elementor-element elementor-element-7c25b1c elementor-widget elementor-widget-text-editor\" data-id=\"7c25b1c\" data-element_type=\"widget\" data-e-type=\"widget\" data-widget_type=\"text-editor.default\">\n\t\t\t\t<div class=\"elementor-widget-container\">\n\t\t\t\t\t\t\t\t\t<p>En cuanto al precio de nuestros art\u00edculos se refiere, nuestros clientes tienen asegurado precio-calidad garantizando as\u00ed la satisfacci\u00f3n de sus compras.<\/p><p>Y como no pod\u00eda ser de otra manera, no pod\u00edamos escapar la opci\u00f3n de estar en Internet, as\u00ed que, aqu\u00ed estamos para ofrecerte un mundo lleno de color!<\/p>\t\t\t\t\t\t\t\t<\/div>\n\t\t\t\t<\/div>\n\t\t\t\t\t<\/div>\n\t\t<\/div>\n\t\t\t\t\t<\/div>\n\t\t<\/section>\n\t\t\t\t<\/div>","protected":false},"excerpt":{"rendered":"<p>&#8212;&#8211; Sobre Nosotros Sesamo Moda es fruto de un proyecto de vida entre dos personas que supimos combinar el viento del cant\u00e1brico con la brisa mediterr\u00e1nea de Italia, ten\u00edamos tantas ganas de compartir nuestro estilo de vida que comenzamos nuestra andadura en 2003 abriendo una peque\u00f1a tienda en Mungia (Bizkaia). Apostamos por ofrecer moda y [&hellip;]<\/p>\n","protected":false},"author":1,"featured_media":0,"parent":0,"menu_order":0,"comment_status":"closed","ping_status":"closed","template":"elementor_canvas","meta":{"footnotes":""},"class_list":["post-7665","page","type-page","status-publish","hentry"],"yoast_head":"<!-- This site is optimized with the Yoast SEO plugin v27.5 - https:\/\/yoast.com\/product\/yoast-seo-wordpress\/ -->\n<title>Qui\u00e9nes Somos<\/title>\n<meta name=\"robots\" content=\"index, follow, max-snippet:-1, max-image-preview:large, max-video-preview:-1\" \/>\n<link rel=\"canonical\" href=\"https:\/\/sesamomoda.com\/eus\/quienes-somos\/\" \/>\n<meta property=\"og:locale\" content=\"en_US\" \/>\n<meta property=\"og:type\" content=\"article\" \/>\n<meta property=\"og:title\" content=\"Qui\u00e9nes Somos\" \/>\n<meta property=\"og:description\" content=\"&#8212;&#8211; Sobre Nosotros Sesamo Moda es fruto de un proyecto de vida entre dos personas que supimos combinar el viento del cant\u00e1brico con la brisa mediterr\u00e1nea de Italia, ten\u00edamos tantas ganas de compartir nuestro estilo de vida que comenzamos nuestra andadura en 2003 abriendo una peque\u00f1a tienda en Mungia (Bizkaia). Apostamos por ofrecer moda y [&hellip;]\" \/>\n<meta property=\"og:url\" content=\"https:\/\/sesamomoda.com\/eus\/quienes-somos\/\" \/>\n<meta property=\"og:site_name\" content=\"Sesamo Moda\" \/>\n<meta property=\"article:publisher\" content=\"https:\/\/www.facebook.com\/SesamoModa\/\" \/>\n<meta property=\"article:modified_time\" content=\"2023-12-07T11:40:01+00:00\" \/>\n<meta property=\"og:image\" content=\"https:\/\/sesamomoda.com\/wp-content\/uploads\/2022\/07\/282517038_5184722181622692_1610039050954983148_n-1024x683.jpg\" \/>\n<meta name=\"twitter:card\" content=\"summary_large_image\" \/>\n<meta name=\"twitter:label1\" content=\"Est. reading time\" \/>\n\t<meta name=\"twitter:data1\" content=\"2 minutua\" \/>\n<script type=\"application\/ld+json\" class=\"yoast-schema-graph\">{\"@context\":\"https:\\\/\\\/schema.org\",\"@graph\":[{\"@type\":\"WebPage\",\"@id\":\"https:\\\/\\\/sesamomoda.com\\\/quienes-somos\\\/\",\"url\":\"https:\\\/\\\/sesamomoda.com\\\/quienes-somos\\\/\",\"name\":\"Qui\u00e9nes Somos\",\"isPartOf\":{\"@id\":\"https:\\\/\\\/sesamomoda.com\\\/#website\"},\"primaryImageOfPage\":{\"@id\":\"https:\\\/\\\/sesamomoda.com\\\/quienes-somos\\\/#primaryimage\"},\"image\":{\"@id\":\"https:\\\/\\\/sesamomoda.com\\\/quienes-somos\\\/#primaryimage\"},\"thumbnailUrl\":\"https:\\\/\\\/sesamomoda.com\\\/wp-content\\\/uploads\\\/2022\\\/07\\\/282517038_5184722181622692_1610039050954983148_n-1024x683.jpg\",\"datePublished\":\"2023-11-20T12:32:33+00:00\",\"dateModified\":\"2023-12-07T11:40:01+00:00\",\"breadcrumb\":{\"@id\":\"https:\\\/\\\/sesamomoda.com\\\/quienes-somos\\\/#breadcrumb\"},\"inLanguage\":\"eu\",\"potentialAction\":[{\"@type\":\"ReadAction\",\"target\":[\"https:\\\/\\\/sesamomoda.com\\\/quienes-somos\\\/\"]}]},{\"@type\":\"ImageObject\",\"inLanguage\":\"eu\",\"@id\":\"https:\\\/\\\/sesamomoda.com\\\/quienes-somos\\\/#primaryimage\",\"url\":\"https:\\\/\\\/sesamomoda.com\\\/wp-content\\\/uploads\\\/2022\\\/07\\\/282517038_5184722181622692_1610039050954983148_n-1024x683.jpg\",\"contentUrl\":\"https:\\\/\\\/sesamomoda.com\\\/wp-content\\\/uploads\\\/2022\\\/07\\\/282517038_5184722181622692_1610039050954983148_n-1024x683.jpg\"},{\"@type\":\"BreadcrumbList\",\"@id\":\"https:\\\/\\\/sesamomoda.com\\\/quienes-somos\\\/#breadcrumb\",\"itemListElement\":[{\"@type\":\"ListItem\",\"position\":1,\"name\":\"Portada\",\"item\":\"https:\\\/\\\/sesamomoda.com\\\/\"},{\"@type\":\"ListItem\",\"position\":2,\"name\":\"Qui\u00e9nes Somos\"}]},{\"@type\":\"WebSite\",\"@id\":\"https:\\\/\\\/sesamomoda.com\\\/#website\",\"url\":\"https:\\\/\\\/sesamomoda.com\\\/\",\"name\":\"Sesamo Moda\",\"description\":\"Sesamo Moda\",\"publisher\":{\"@id\":\"https:\\\/\\\/sesamomoda.com\\\/#organization\"},\"potentialAction\":[{\"@type\":\"SearchAction\",\"target\":{\"@type\":\"EntryPoint\",\"urlTemplate\":\"https:\\\/\\\/sesamomoda.com\\\/?s={search_term_string}\"},\"query-input\":{\"@type\":\"PropertyValueSpecification\",\"valueRequired\":true,\"valueName\":\"search_term_string\"}}],\"inLanguage\":\"eu\"},{\"@type\":\"Organization\",\"@id\":\"https:\\\/\\\/sesamomoda.com\\\/#organization\",\"name\":\"Sesamo Moda\",\"url\":\"https:\\\/\\\/sesamomoda.com\\\/\",\"logo\":{\"@type\":\"ImageObject\",\"inLanguage\":\"eu\",\"@id\":\"https:\\\/\\\/sesamomoda.com\\\/#\\\/schema\\\/logo\\\/image\\\/\",\"url\":\"https:\\\/\\\/sesamomoda.com\\\/wp-content\\\/uploads\\\/2023\\\/11\\\/cropped-Logo-sesamomoda_Mesa-de-trabajo-1.png\",\"contentUrl\":\"https:\\\/\\\/sesamomoda.com\\\/wp-content\\\/uploads\\\/2023\\\/11\\\/cropped-Logo-sesamomoda_Mesa-de-trabajo-1.png\",\"width\":1920,\"height\":397,\"caption\":\"Sesamo Moda\"},\"image\":{\"@id\":\"https:\\\/\\\/sesamomoda.com\\\/#\\\/schema\\\/logo\\\/image\\\/\"},\"sameAs\":[\"https:\\\/\\\/www.facebook.com\\\/SesamoModa\\\/\",\"https:\\\/\\\/www.instagram.com\\\/sesamomoda\\\/\"]}]}<\/script>\n<!-- \/ Yoast SEO plugin. -->","yoast_head_json":{"title":"Qui\u00e9nes Somos","robots":{"index":"index","follow":"follow","max-snippet":"max-snippet:-1","max-image-preview":"max-image-preview:large","max-video-preview":"max-video-preview:-1"},"canonical":"https:\/\/sesamomoda.com\/eus\/quienes-somos\/","og_locale":"en_US","og_type":"article","og_title":"Qui\u00e9nes Somos","og_description":"&#8212;&#8211; Sobre Nosotros Sesamo Moda es fruto de un proyecto de vida entre dos personas que supimos combinar el viento del cant\u00e1brico con la brisa mediterr\u00e1nea de Italia, ten\u00edamos tantas ganas de compartir nuestro estilo de vida que comenzamos nuestra andadura en 2003 abriendo una peque\u00f1a tienda en Mungia (Bizkaia). Apostamos por ofrecer moda y [&hellip;]","og_url":"https:\/\/sesamomoda.com\/eus\/quienes-somos\/","og_site_name":"Sesamo Moda","article_publisher":"https:\/\/www.facebook.com\/SesamoModa\/","article_modified_time":"2023-12-07T11:40:01+00:00","og_image":[{"url":"https:\/\/sesamomoda.com\/wp-content\/uploads\/2022\/07\/282517038_5184722181622692_1610039050954983148_n-1024x683.jpg","type":"","width":"","height":""}],"twitter_card":"summary_large_image","twitter_misc":{"Est. reading time":"2 minutua"},"schema":{"@context":"https:\/\/schema.org","@graph":[{"@type":"WebPage","@id":"https:\/\/sesamomoda.com\/quienes-somos\/","url":"https:\/\/sesamomoda.com\/quienes-somos\/","name":"Qui\u00e9nes Somos","isPartOf":{"@id":"https:\/\/sesamomoda.com\/#website"},"primaryImageOfPage":{"@id":"https:\/\/sesamomoda.com\/quienes-somos\/#primaryimage"},"image":{"@id":"https:\/\/sesamomoda.com\/quienes-somos\/#primaryimage"},"thumbnailUrl":"https:\/\/sesamomoda.com\/wp-content\/uploads\/2022\/07\/282517038_5184722181622692_1610039050954983148_n-1024x683.jpg","datePublished":"2023-11-20T12:32:33+00:00","dateModified":"2023-12-07T11:40:01+00:00","breadcrumb":{"@id":"https:\/\/sesamomoda.com\/quienes-somos\/#breadcrumb"},"inLanguage":"eu","potentialAction":[{"@type":"ReadAction","target":["https:\/\/sesamomoda.com\/quienes-somos\/"]}]},{"@type":"ImageObject","inLanguage":"eu","@id":"https:\/\/sesamomoda.com\/quienes-somos\/#primaryimage","url":"https:\/\/sesamomoda.com\/wp-content\/uploads\/2022\/07\/282517038_5184722181622692_1610039050954983148_n-1024x683.jpg","contentUrl":"https:\/\/sesamomoda.com\/wp-content\/uploads\/2022\/07\/282517038_5184722181622692_1610039050954983148_n-1024x683.jpg"},{"@type":"BreadcrumbList","@id":"https:\/\/sesamomoda.com\/quienes-somos\/#breadcrumb","itemListElement":[{"@type":"ListItem","position":1,"name":"Portada","item":"https:\/\/sesamomoda.com\/"},{"@type":"ListItem","position":2,"name":"Qui\u00e9nes Somos"}]},{"@type":"WebSite","@id":"https:\/\/sesamomoda.com\/#website","url":"https:\/\/sesamomoda.com\/","name":"Sesamo Moda","description":"Sesamo Moda","publisher":{"@id":"https:\/\/sesamomoda.com\/#organization"},"potentialAction":[{"@type":"SearchAction","target":{"@type":"EntryPoint","urlTemplate":"https:\/\/sesamomoda.com\/?s={search_term_string}"},"query-input":{"@type":"PropertyValueSpecification","valueRequired":true,"valueName":"search_term_string"}}],"inLanguage":"eu"},{"@type":"Organization","@id":"https:\/\/sesamomoda.com\/#organization","name":"Sesamo Moda","url":"https:\/\/sesamomoda.com\/","logo":{"@type":"ImageObject","inLanguage":"eu","@id":"https:\/\/sesamomoda.com\/#\/schema\/logo\/image\/","url":"https:\/\/sesamomoda.com\/wp-content\/uploads\/2023\/11\/cropped-Logo-sesamomoda_Mesa-de-trabajo-1.png","contentUrl":"https:\/\/sesamomoda.com\/wp-content\/uploads\/2023\/11\/cropped-Logo-sesamomoda_Mesa-de-trabajo-1.png","width":1920,"height":397,"caption":"Sesamo Moda"},"image":{"@id":"https:\/\/sesamomoda.com\/#\/schema\/logo\/image\/"},"sameAs":["https:\/\/www.facebook.com\/SesamoModa\/","https:\/\/www.instagram.com\/sesamomoda\/"]}]}},"jetpack_sharing_enabled":true,"_links":{"self":[{"href":"https:\/\/sesamomoda.com\/eus\/wp-json\/wp\/v2\/pages\/7665","targetHints":{"allow":["GET"]}}],"collection":[{"href":"https:\/\/sesamomoda.com\/eus\/wp-json\/wp\/v2\/pages"}],"about":[{"href":"https:\/\/sesamomoda.com\/eus\/wp-json\/wp\/v2\/types\/page"}],"author":[{"embeddable":true,"href":"https:\/\/sesamomoda.com\/eus\/wp-json\/wp\/v2\/users\/1"}],"replies":[{"embeddable":true,"href":"https:\/\/sesamomoda.com\/eus\/wp-json\/wp\/v2\/comments?post=7665"}],"version-history":[{"count":26,"href":"https:\/\/sesamomoda.com\/eus\/wp-json\/wp\/v2\/pages\/7665\/revisions"}],"predecessor-version":[{"id":8448,"href":"https:\/\/sesamomoda.com\/eus\/wp-json\/wp\/v2\/pages\/7665\/revisions\/8448"}],"wp:attachment":[{"href":"https:\/\/sesamomoda.com\/eus\/wp-json\/wp\/v2\/media?parent=7665"}],"curies":[{"name":"wp","href":"https:\/\/api.w.org\/{rel}","templated":true}]}}